{"id":4866,"date":"2021-01-04T14:59:25","date_gmt":"2021-01-04T17:59:25","guid":{"rendered":"https:\/\/datani.com.br\/suportewp\/?page_id=4866"},"modified":"2021-01-07T11:50:02","modified_gmt":"2021-01-07T14:50:02","slug":"como-importar-contas-a-pagar-e-receber-carrera-pessoal","status":"publish","type":"page","link":"https:\/\/datani.com.br\/suportewp\/como-importar-contas-a-pagar-e-receber-carrera-pessoal\/","title":{"rendered":"Como importar contas a Pagar e Receber (Carrera Pessoal)"},"content":{"rendered":"\t\t<div data-elementor-type=\"wp-page\" data-elementor-id=\"4866\" class=\"elementor elementor-4866\">\n\t\t\t\t\t\t<div class=\"elementor-inner\">\n\t\t\t\t<div class=\"elementor-section-wrap\">\n\t\t\t\t\t\t\t\t\t<section class=\"elementor-section elementor-top-section elementor-element elementor-element-c2920f4 elementor-section-boxed elementor-section-height-default elementor-section-height-default\" data-id=\"c2920f4\" data-element_type=\"section\">\n\t\t\t\t\t\t<div class=\"elementor-container elementor-column-gap-default\">\n\t\t\t\t\t\t\t<div class=\"elementor-row\">\n\t\t\t\t\t<div class=\"elementor-column elementor-col-50 elementor-top-column elementor-element elementor-element-44c43fe\" data-id=\"44c43fe\" data-element_type=\"column\">\n\t\t\t<div class=\"elementor-column-wrap elementor-element-populated\">\n\t\t\t\t\t\t\t<div class=\"elementor-widget-wrap\">\n\t\t\t\t\t\t<div class=\"elementor-element elementor-element-b71fdc6 elementor-widget elementor-widget-image\" data-id=\"b71fdc6\" data-element_type=\"widget\" data-widget_type=\"image.default\">\n\t\t\t\t<div class=\"elementor-widget-container\">\n\t\t\t\t\t\t\t\t<div class=\"elementor-image\">\n\t\t\t\t\t\t\t\t\t\t\t\t\t<a href=\"https:\/\/datani.com.br\/suportewp\/carrera-pessoal\/\">\n\t\t\t\t\t\t\t<img width=\"128\" height=\"128\" src=\"https:\/\/datani.com.br\/suportewp\/wp-content\/uploads\/2020\/09\/Carrera-Plus-Icon-128.png\" class=\"attachment-large size-large\" alt=\"\" loading=\"lazy\" \/>\t\t\t\t\t\t\t\t<\/a>\n\t\t\t\t\t\t\t\t\t\t\t\t\t\t<\/div>\n\t\t\t\t\t\t<\/div>\n\t\t\t\t<\/div>\n\t\t\t\t\t\t<\/div>\n\t\t\t\t\t<\/div>\n\t\t<\/div>\n\t\t\t\t<div class=\"elementor-column elementor-col-50 elementor-top-column elementor-element elementor-element-9c637ad\" data-id=\"9c637ad\" data-element_type=\"column\">\n\t\t\t<div class=\"elementor-column-wrap elementor-element-populated\">\n\t\t\t\t\t\t\t<div class=\"elementor-widget-wrap\">\n\t\t\t\t\t\t<div class=\"elementor-element elementor-element-34eeda3 elementor-widget elementor-widget-text-editor\" data-id=\"34eeda3\" data-element_type=\"widget\" data-widget_type=\"text-editor.default\">\n\t\t\t\t<div class=\"elementor-widget-container\">\n\t\t\t\t\t\t\t\t<div class=\"elementor-text-editor elementor-clearfix\">\n\t\t\t\t<h1><a href=\"https:\/\/datani.com.br\/suportewp\/\">Suporte<\/a> | <a href=\"https:\/\/datani.com.br\/suportewp\/carrera-pessoal\/\">Carrera Pessoal<\/a><\/h1>\t\t\t\t\t<\/div>\n\t\t\t\t\t\t<\/div>\n\t\t\t\t<\/div>\n\t\t\t\t\t\t<\/div>\n\t\t\t\t\t<\/div>\n\t\t<\/div>\n\t\t\t\t\t\t\t\t<\/div>\n\t\t\t\t\t<\/div>\n\t\t<\/section>\n\t\t\t\t<section class=\"elementor-section elementor-top-section elementor-element elementor-element-294fc3e elementor-section-boxed elementor-section-height-default elementor-section-height-default\" data-id=\"294fc3e\" data-element_type=\"section\">\n\t\t\t\t\t\t<div class=\"elementor-container elementor-column-gap-default\">\n\t\t\t\t\t\t\t<div class=\"elementor-row\">\n\t\t\t\t\t<div class=\"elementor-column elementor-col-100 elementor-top-column elementor-element elementor-element-c6e9020\" data-id=\"c6e9020\" data-element_type=\"column\">\n\t\t\t<div class=\"elementor-column-wrap elementor-element-populated\">\n\t\t\t\t\t\t\t<div class=\"elementor-widget-wrap\">\n\t\t\t\t\t\t<div class=\"elementor-element elementor-element-789b812 elementor-widget elementor-widget-heading\" data-id=\"789b812\" data-element_type=\"widget\" data-widget_type=\"heading.default\">\n\t\t\t\t<div class=\"elementor-widget-container\">\n\t\t\t<h1 class=\"elementor-heading-title elementor-size-default\">Agendamento de Contas<\/h1>\t\t<\/div>\n\t\t\t\t<\/div>\n\t\t\t\t\t\t<\/div>\n\t\t\t\t\t<\/div>\n\t\t<\/div>\n\t\t\t\t\t\t\t\t<\/div>\n\t\t\t\t\t<\/div>\n\t\t<\/section>\n\t\t\t\t<section class=\"elementor-section elementor-top-section elementor-element elementor-element-9e6600b elementor-section-boxed elementor-section-height-default elementor-section-height-default\" data-id=\"9e6600b\" data-element_type=\"section\">\n\t\t\t\t\t\t<div class=\"elementor-container elementor-column-gap-default\">\n\t\t\t\t\t\t\t<div class=\"elementor-row\">\n\t\t\t\t\t<div class=\"elementor-column elementor-col-100 elementor-top-column elementor-element elementor-element-da38cb7\" data-id=\"da38cb7\" data-element_type=\"column\">\n\t\t\t<div class=\"elementor-column-wrap elementor-element-populated\">\n\t\t\t\t\t\t\t<div class=\"elementor-widget-wrap\">\n\t\t\t\t\t\t<div class=\"elementor-element elementor-element-3fa9eef elementor-widget elementor-widget-text-editor\" data-id=\"3fa9eef\" data-element_type=\"widget\" data-widget_type=\"text-editor.default\">\n\t\t\t\t<div class=\"elementor-widget-container\">\n\t\t\t\t\t\t\t\t<div class=\"elementor-text-editor elementor-clearfix\">\n\t\t\t\t<ul><li><h3>Como importar contas a Pagar e Receber<\/h3><\/li><\/ul>\t\t\t\t\t<\/div>\n\t\t\t\t\t\t<\/div>\n\t\t\t\t<\/div>\n\t\t\t\t\t\t<\/div>\n\t\t\t\t\t<\/div>\n\t\t<\/div>\n\t\t\t\t\t\t\t\t<\/div>\n\t\t\t\t\t<\/div>\n\t\t<\/section>\n\t\t\t\t<section class=\"elementor-section elementor-top-section elementor-element elementor-element-b526e98 elementor-section-boxed elementor-section-height-default elementor-section-height-default\" data-id=\"b526e98\" data-element_type=\"section\">\n\t\t\t\t\t\t<div class=\"elementor-container elementor-column-gap-default\">\n\t\t\t\t\t\t\t<div class=\"elementor-row\">\n\t\t\t\t\t<div class=\"elementor-column elementor-col-100 elementor-top-column elementor-element elementor-element-8f358ee\" data-id=\"8f358ee\" data-element_type=\"column\">\n\t\t\t<div class=\"elementor-column-wrap elementor-element-populated\">\n\t\t\t\t\t\t\t<div class=\"elementor-widget-wrap\">\n\t\t\t\t\t\t<div class=\"elementor-element elementor-element-2ed6fc2 elementor-widget elementor-widget-text-editor\" data-id=\"2ed6fc2\" data-element_type=\"widget\" data-widget_type=\"text-editor.default\">\n\t\t\t\t<div class=\"elementor-widget-container\">\n\t\t\t\t\t\t\t\t<div class=\"elementor-text-editor elementor-clearfix\">\n\t\t\t\t<p>Em Agendamentos de contas \u00e9 poss\u00edvel importar contas a pagar e receber, atrav\u00e9s de arquivos CSV.<\/p><p>O arquivo deve seguir as seguintes especifica\u00e7\u00f5es:<\/p><p style=\"padding-left: 40px;\">1a. linha &#8211; cabe\u00e7alho das colunas, identificar as colunas que est\u00e3o cento utilizadas, separadas por &#8220;;&#8221;.<\/p><p style=\"padding-left: 40px;\">2a. linha em diante, cada linha corresponde a um registro de dados, com as colunas de acordo com a 1a. linha, separados por &#8220;;&#8221;. Os valores de vem estar entre aspas duplas.<\/p><p>Descri\u00e7\u00e3o das colunas. Colunas em negrito s\u00e3o obrigat\u00f3rias:<\/p><ul><li style=\"list-style-type: none;\"><ul><li><strong>TIPO, TP ou T<\/strong> : Identifica o Tipo do lan\u00e7amento. Valores: 0 para receita e 1 para despesa.<\/li><li><strong>CONTA<\/strong>: Nome da conta, conforme registrado no Carrera Finan\u00e7as.<\/li><li><strong>CLIENTE, FORNECEDOR ou FAVORECIDO<\/strong>: Nome do cliente ou fornecedor. Caso o mesmo n\u00e3o exista no Carrera Finan\u00e7as, ser\u00e1 registrado.<\/li><li><b>DESCRICAO, HISTORICO ou DESC<\/b>: Descri\u00e7\u00e3o do agendamento.<\/li><li><b>PLANCONTA, PCONTA, PLANODECONTAS ou CATEGORIA<\/b>: Nome do Plano de Contas. Caso n\u00e3o seja encontrado, um novo ser\u00e1 cadastrado.<\/li><li><b>CCUSTO, CENTROCUSTOS ou CENTRODECUSTOS<\/b>: Nome do Centro de Custos. Caso n\u00e3o seja encontrado, um novo ser\u00e1 cadastrado.<\/li><li><strong>VENCIMENTO, VENC ou DATA<\/strong>: Data do pr\u00f3ximo vencimento do agendamento.<\/li><li><strong>VALOR ou TOTAL<\/strong>: Valor do agendamento.<\/li><li><strong>REPETIR ou FREQUENCIA<\/strong>: Qual a frequ\u00eancia de repeti\u00e7\u00e3o do agendamento. Descri\u00e7\u00e3o conforme mostrado na lista de Repetir do Agendamento: exemplo: \u00a0&#8220;Uma \u00fanica vez&#8221;, &#8220;Mensal&#8221;, &#8220;Semanal&#8221;, etc.<\/li><li><strong>NUMERODOC ou NUMDOC<\/strong>: N\u00famero do Documento do Agendamento.<\/li><\/ul><\/li><\/ul>\t\t\t\t\t<\/div>\n\t\t\t\t\t\t<\/div>\n\t\t\t\t<\/div>\n\t\t\t\t<div class=\"elementor-element elementor-element-bcd6350 elementor-widget elementor-widget-text-editor\" data-id=\"bcd6350\" data-element_type=\"widget\" data-widget_type=\"text-editor.default\">\n\t\t\t\t<div class=\"elementor-widget-container\">\n\t\t\t\t\t\t\t\t<div class=\"elementor-text-editor elementor-clearfix\">\n\t\t\t\t<p>Exemplo de conte\u00fado:<\/p>\t\t\t\t\t<\/div>\n\t\t\t\t\t\t<\/div>\n\t\t\t\t<\/div>\n\t\t\t\t<div class=\"elementor-element elementor-element-9f25a1f elementor-widget elementor-widget-text-editor\" data-id=\"9f25a1f\" data-element_type=\"widget\" data-widget_type=\"text-editor.default\">\n\t\t\t\t<div class=\"elementor-widget-container\">\n\t\t\t\t\t\t\t\t<div class=\"elementor-text-editor elementor-clearfix\">\n\t\t\t\t<pre style=\"padding-left: 40px;\">Tipo;Conta;Cliente;Descricao;PlanConta;CCusto;Vencimento;Valor;Repetir;<br \/>\"0\";\"Ita\u00fa 123\";\"Empresa cliente\";\"Venda de produtos\";\"Receitas:Vendas\";\"Comercial\";\"07\/05\/2019\";\"1000,00\";\"Mensal\";<br \/>\"0\";\"Itau 123\";\"JJ Acess\u00f3rios\";\"Servi\u00e7o de suporte\";\"Receitas:Honorarios\";\"Suporte\";\"05\/04\/2019\";\"1011,00\";\"Uma \u00fanica vez\";<\/pre>\t\t\t\t\t<\/div>\n\t\t\t\t\t\t<\/div>\n\t\t\t\t<\/div>\n\t\t\t\t\t\t<\/div>\n\t\t\t\t\t<\/div>\n\t\t<\/div>\n\t\t\t\t\t\t\t\t<\/div>\n\t\t\t\t\t<\/div>\n\t\t<\/section>\n\t\t\t\t<section class=\"elementor-section elementor-top-section elementor-element elementor-element-abe88e9 elementor-section-boxed elementor-section-height-default elementor-section-height-default\" data-id=\"abe88e9\" data-element_type=\"section\">\n\t\t\t\t\t\t<div class=\"elementor-container elementor-column-gap-default\">\n\t\t\t\t\t\t\t<div class=\"elementor-row\">\n\t\t\t\t\t<div class=\"elementor-column elementor-col-100 elementor-top-column elementor-element elementor-element-f849e79\" data-id=\"f849e79\" data-element_type=\"column\">\n\t\t\t<div class=\"elementor-column-wrap elementor-element-populated\">\n\t\t\t\t\t\t\t<div class=\"elementor-widget-wrap\">\n\t\t\t\t\t\t<div class=\"elementor-element elementor-element-3fa5c2d elementor-widget-divider--view-line elementor-widget elementor-widget-divider\" data-id=\"3fa5c2d\" data-element_type=\"widget\" data-widget_type=\"divider.default\">\n\t\t\t\t<div class=\"elementor-widget-container\">\n\t\t\t\t\t<div class=\"elementor-divider\">\n\t\t\t<span class=\"elementor-divider-separator\">\n\t\t\t\t\t\t<\/span>\n\t\t<\/div>\n\t\t\t\t<\/div>\n\t\t\t\t<\/div>\n\t\t\t\t\t\t<\/div>\n\t\t\t\t\t<\/div>\n\t\t<\/div>\n\t\t\t\t\t\t\t\t<\/div>\n\t\t\t\t\t<\/div>\n\t\t<\/section>\n\t\t\t\t<section class=\"elementor-section elementor-top-section elementor-element elementor-element-7d04807 elementor-section-boxed elementor-section-height-default elementor-section-height-default\" data-id=\"7d04807\" data-element_type=\"section\">\n\t\t\t\t\t\t<div class=\"elementor-container elementor-column-gap-default\">\n\t\t\t\t\t\t\t<div class=\"elementor-row\">\n\t\t\t\t\t<div class=\"elementor-column elementor-col-100 elementor-top-column elementor-element elementor-element-9303b30\" data-id=\"9303b30\" data-element_type=\"column\">\n\t\t\t<div class=\"elementor-column-wrap elementor-element-populated\">\n\t\t\t\t\t\t\t<div class=\"elementor-widget-wrap\">\n\t\t\t\t\t\t<div class=\"elementor-element elementor-element-79470b2 elementor-widget elementor-widget-text-editor\" data-id=\"79470b2\" data-element_type=\"widget\" data-widget_type=\"text-editor.default\">\n\t\t\t\t<div class=\"elementor-widget-container\">\n\t\t\t\t\t\t\t\t<div class=\"elementor-text-editor elementor-clearfix\">\n\t\t\t\t<h4>Veja tamb\u00e9m:<\/h4>\t\t\t\t\t<\/div>\n\t\t\t\t\t\t<\/div>\n\t\t\t\t<\/div>\n\t\t\t\t<div class=\"elementor-element elementor-element-9fa086e elementor-widget elementor-widget-text-editor\" data-id=\"9fa086e\" data-element_type=\"widget\" data-widget_type=\"text-editor.default\">\n\t\t\t\t<div class=\"elementor-widget-container\">\n\t\t\t\t\t\t\t\t<div class=\"elementor-text-editor elementor-clearfix\">\n\t\t\t\t<ul><li style=\"list-style-type: none;\"><ul><li><span style=\"color: #00ccff;\"><a style=\"color: #00ccff;\" href=\"https:\/\/datani.com.br\/suportewp\/como-importar-um-extrato-bancario\/\">Como importar um extrato banc\u00e1rio<\/a><\/span><\/li><\/ul><\/li><\/ul>\t\t\t\t\t<\/div>\n\t\t\t\t\t\t<\/div>\n\t\t\t\t<\/div>\n\t\t\t\t\t\t<\/div>\n\t\t\t\t\t<\/div>\n\t\t<\/div>\n\t\t\t\t\t\t\t\t<\/div>\n\t\t\t\t\t<\/div>\n\t\t<\/section>\n\t\t\t\t<section class=\"elementor-section elementor-top-section elementor-element elementor-element-1e1cef4 elementor-section-boxed elementor-section-height-default elementor-section-height-default\" data-id=\"1e1cef4\" data-element_type=\"section\">\n\t\t\t\t\t\t<div class=\"elementor-container elementor-column-gap-default\">\n\t\t\t\t\t\t\t<div class=\"elementor-row\">\n\t\t\t\t\t<div class=\"elementor-column elementor-col-100 elementor-top-column elementor-element elementor-element-3cbe60c\" data-id=\"3cbe60c\" data-element_type=\"column\">\n\t\t\t<div class=\"elementor-column-wrap elementor-element-populated\">\n\t\t\t\t\t\t\t<div class=\"elementor-widget-wrap\">\n\t\t\t\t\t\t<div class=\"elementor-element elementor-element-14149a6 elementor-widget elementor-widget-spacer\" data-id=\"14149a6\" data-element_type=\"widget\" data-widget_type=\"spacer.default\">\n\t\t\t\t<div class=\"elementor-widget-container\">\n\t\t\t\t\t<div class=\"elementor-spacer\">\n\t\t\t<div class=\"elementor-spacer-inner\"><\/div>\n\t\t<\/div>\n\t\t\t\t<\/div>\n\t\t\t\t<\/div>\n\t\t\t\t\t\t<\/div>\n\t\t\t\t\t<\/div>\n\t\t<\/div>\n\t\t\t\t\t\t\t\t<\/div>\n\t\t\t\t\t<\/div>\n\t\t<\/section>\n\t\t\t\t\t\t\t\t\t<\/div>\n\t\t\t<\/div>\n\t\t\t\t\t<\/div>\n\t\t","protected":false},"excerpt":{"rendered":"<p>Suporte | Carrera Pessoal Agendamento de Contas Como importar contas a Pagar e Receber Em Agendamentos de contas \u00e9 poss\u00edvel importar contas a pagar e receber, atrav\u00e9s de arquivos CSV. O arquivo deve seguir as seguintes especifica\u00e7\u00f5es: 1a. linha &#8211; cabe\u00e7alho das colunas, identificar as colunas que est\u00e3o cento utilizadas, separadas por &#8220;;&#8221;. 2a. linha&hellip;&nbsp;<a href=\"https:\/\/datani.com.br\/suportewp\/como-importar-contas-a-pagar-e-receber-carrera-pessoal\/\" class=\"\" rel=\"bookmark\">Continue a ler &raquo;<span class=\"screen-reader-text\">Como importar contas a Pagar e Receber (Carrera Pessoal)<\/span><\/a><\/p>\n","protected":false},"author":3,"featured_media":0,"parent":0,"menu_order":0,"comment_status":"closed","ping_status":"closed","template":"page-templates\/template-pagebuilder-full-width.php","meta":{"neve_meta_sidebar":"full-width","neve_meta_container":"","neve_meta_enable_content_width":"on","neve_meta_content_width":100,"neve_meta_title_alignment":"","neve_meta_author_avatar":"","neve_post_elements_order":"","neve_meta_disable_header":"","neve_meta_disable_footer":"","neve_meta_disable_title":""},"_links":{"self":[{"href":"https:\/\/datani.com.br\/suportewp\/wp-json\/wp\/v2\/pages\/4866"}],"collection":[{"href":"https:\/\/datani.com.br\/suportewp\/wp-json\/wp\/v2\/pages"}],"about":[{"href":"https:\/\/datani.com.br\/suportewp\/wp-json\/wp\/v2\/types\/page"}],"author":[{"embeddable":true,"href":"https:\/\/datani.com.br\/suportewp\/wp-json\/wp\/v2\/users\/3"}],"replies":[{"embeddable":true,"href":"https:\/\/datani.com.br\/suportewp\/wp-json\/wp\/v2\/comments?post=4866"}],"version-history":[{"count":6,"href":"https:\/\/datani.com.br\/suportewp\/wp-json\/wp\/v2\/pages\/4866\/revisions"}],"predecessor-version":[{"id":4923,"href":"https:\/\/datani.com.br\/suportewp\/wp-json\/wp\/v2\/pages\/4866\/revisions\/4923"}],"wp:attachment":[{"href":"https:\/\/datani.com.br\/suportewp\/wp-json\/wp\/v2\/media?parent=4866"}],"curies":[{"name":"wp","href":"https:\/\/api.w.org\/{rel}","templated":true}]}}