{"id":3507,"date":"2020-10-09T11:43:30","date_gmt":"2020-10-09T14:43:30","guid":{"rendered":"https:\/\/datani.com.br\/suportewp\/?page_id=3507"},"modified":"2021-01-07T17:28:04","modified_gmt":"2021-01-07T20:28:04","slug":"como-configurar-uma-conta-de-cartao-de-credito-carrera-financas","status":"publish","type":"page","link":"https:\/\/datani.com.br\/suportewp\/como-configurar-uma-conta-de-cartao-de-credito-carrera-financas\/","title":{"rendered":"Como configurar uma conta de cart\u00e3o de cr\u00e9dito (Carrera Finan\u00e7as)"},"content":{"rendered":"\t\t<div data-elementor-type=\"wp-page\" data-elementor-id=\"3507\" class=\"elementor elementor-3507\">\n\t\t\t\t\t\t<div class=\"elementor-inner\">\n\t\t\t\t<div class=\"elementor-section-wrap\">\n\t\t\t\t\t\t\t\t\t<section class=\"elementor-section elementor-top-section elementor-element elementor-element-1f3b393 elementor-section-boxed elementor-section-height-default elementor-section-height-default\" data-id=\"1f3b393\" data-element_type=\"section\">\n\t\t\t\t\t\t<div class=\"elementor-container elementor-column-gap-default\">\n\t\t\t\t\t\t\t<div class=\"elementor-row\">\n\t\t\t\t\t<div class=\"elementor-column elementor-col-50 elementor-top-column elementor-element elementor-element-038bfdb\" data-id=\"038bfdb\" data-element_type=\"column\">\n\t\t\t<div class=\"elementor-column-wrap elementor-element-populated\">\n\t\t\t\t\t\t\t<div class=\"elementor-widget-wrap\">\n\t\t\t\t\t\t<div class=\"elementor-element elementor-element-786f56c elementor-widget elementor-widget-image\" data-id=\"786f56c\" data-element_type=\"widget\" data-widget_type=\"image.default\">\n\t\t\t\t<div class=\"elementor-widget-container\">\n\t\t\t\t\t\t\t\t<div class=\"elementor-image\">\n\t\t\t\t\t\t\t\t\t\t\t\t\t<a href=\"https:\/\/datani.com.br\/suportewp\/carrera-financas\/\">\n\t\t\t\t\t\t\t<img width=\"128\" height=\"128\" src=\"https:\/\/datani.com.br\/suportewp\/wp-content\/uploads\/2020\/09\/Carrera-Fin-Icon-128.png\" class=\"attachment-large size-large\" alt=\"\" loading=\"lazy\" \/>\t\t\t\t\t\t\t\t<\/a>\n\t\t\t\t\t\t\t\t\t\t\t\t\t\t<\/div>\n\t\t\t\t\t\t<\/div>\n\t\t\t\t<\/div>\n\t\t\t\t\t\t<\/div>\n\t\t\t\t\t<\/div>\n\t\t<\/div>\n\t\t\t\t<div class=\"elementor-column elementor-col-50 elementor-top-column elementor-element elementor-element-c620337\" data-id=\"c620337\" data-element_type=\"column\">\n\t\t\t<div class=\"elementor-column-wrap elementor-element-populated\">\n\t\t\t\t\t\t\t<div class=\"elementor-widget-wrap\">\n\t\t\t\t\t\t<div class=\"elementor-element elementor-element-a6c52c3 elementor-widget elementor-widget-text-editor\" data-id=\"a6c52c3\" data-element_type=\"widget\" data-widget_type=\"text-editor.default\">\n\t\t\t\t<div class=\"elementor-widget-container\">\n\t\t\t\t\t\t\t\t<div class=\"elementor-text-editor elementor-clearfix\">\n\t\t\t\t<h1><a href=\"https:\/\/datani.com.br\/suportewp\/\">Suporte<\/a> | <a href=\"https:\/\/datani.com.br\/suportewp\/carrera-financas\/\">Carrera Finan\u00e7as<\/a><\/h1>\t\t\t\t\t<\/div>\n\t\t\t\t\t\t<\/div>\n\t\t\t\t<\/div>\n\t\t\t\t\t\t<\/div>\n\t\t\t\t\t<\/div>\n\t\t<\/div>\n\t\t\t\t\t\t\t\t<\/div>\n\t\t\t\t\t<\/div>\n\t\t<\/section>\n\t\t\t\t<section class=\"elementor-section elementor-top-section elementor-element elementor-element-6bba493 elementor-section-boxed elementor-section-height-default elementor-section-height-default\" data-id=\"6bba493\" data-element_type=\"section\">\n\t\t\t\t\t\t<div class=\"elementor-container elementor-column-gap-default\">\n\t\t\t\t\t\t\t<div class=\"elementor-row\">\n\t\t\t\t\t<div class=\"elementor-column elementor-col-100 elementor-top-column elementor-element elementor-element-14470b1\" data-id=\"14470b1\" data-element_type=\"column\">\n\t\t\t<div class=\"elementor-column-wrap elementor-element-populated\">\n\t\t\t\t\t\t\t<div class=\"elementor-widget-wrap\">\n\t\t\t\t\t\t<div class=\"elementor-element elementor-element-a1bcb1b elementor-widget elementor-widget-heading\" data-id=\"a1bcb1b\" data-element_type=\"widget\" data-widget_type=\"heading.default\">\n\t\t\t\t<div class=\"elementor-widget-container\">\n\t\t\t<h1 class=\"elementor-heading-title elementor-size-default\"><a href=\"https:\/\/datani.com.br\/suportewp\/cartao-de-credito-carrera-financas\/\">Cart\u00e3o de cr\u00e9dito<\/a><\/h1>\t\t<\/div>\n\t\t\t\t<\/div>\n\t\t\t\t\t\t<\/div>\n\t\t\t\t\t<\/div>\n\t\t<\/div>\n\t\t\t\t\t\t\t\t<\/div>\n\t\t\t\t\t<\/div>\n\t\t<\/section>\n\t\t\t\t<section class=\"elementor-section elementor-top-section elementor-element elementor-element-43726e3 elementor-section-boxed elementor-section-height-default elementor-section-height-default\" data-id=\"43726e3\" data-element_type=\"section\">\n\t\t\t\t\t\t<div class=\"elementor-container elementor-column-gap-default\">\n\t\t\t\t\t\t\t<div class=\"elementor-row\">\n\t\t\t\t\t<div class=\"elementor-column elementor-col-100 elementor-top-column elementor-element elementor-element-9eb421e\" data-id=\"9eb421e\" data-element_type=\"column\">\n\t\t\t<div class=\"elementor-column-wrap elementor-element-populated\">\n\t\t\t\t\t\t\t<div class=\"elementor-widget-wrap\">\n\t\t\t\t\t\t<div class=\"elementor-element elementor-element-bb12b6c elementor-widget elementor-widget-text-editor\" data-id=\"bb12b6c\" data-element_type=\"widget\" data-widget_type=\"text-editor.default\">\n\t\t\t\t<div class=\"elementor-widget-container\">\n\t\t\t\t\t\t\t\t<div class=\"elementor-text-editor elementor-clearfix\">\n\t\t\t\t<ul><li><h3>Como configurar uma conta de cart\u00e3o de cr\u00e9dito<\/h3><\/li><\/ul>\t\t\t\t\t<\/div>\n\t\t\t\t\t\t<\/div>\n\t\t\t\t<\/div>\n\t\t\t\t\t\t<\/div>\n\t\t\t\t\t<\/div>\n\t\t<\/div>\n\t\t\t\t\t\t\t\t<\/div>\n\t\t\t\t\t<\/div>\n\t\t<\/section>\n\t\t\t\t<section class=\"elementor-section elementor-top-section elementor-element elementor-element-fd4642f elementor-section-boxed elementor-section-height-default elementor-section-height-default\" data-id=\"fd4642f\" data-element_type=\"section\">\n\t\t\t\t\t\t<div class=\"elementor-container elementor-column-gap-default\">\n\t\t\t\t\t\t\t<div class=\"elementor-row\">\n\t\t\t\t\t<div class=\"elementor-column elementor-col-100 elementor-top-column elementor-element elementor-element-fb5bd47\" data-id=\"fb5bd47\" data-element_type=\"column\">\n\t\t\t<div class=\"elementor-column-wrap elementor-element-populated\">\n\t\t\t\t\t\t\t<div class=\"elementor-widget-wrap\">\n\t\t\t\t\t\t<div class=\"elementor-element elementor-element-5b1f02b elementor-widget elementor-widget-text-editor\" data-id=\"5b1f02b\" data-element_type=\"widget\" data-widget_type=\"text-editor.default\">\n\t\t\t\t<div class=\"elementor-widget-container\">\n\t\t\t\t\t\t\t\t<div class=\"elementor-text-editor elementor-clearfix\">\n\t\t\t\t<p>\u00c9 importante saber de algumas considera\u00e7\u00f5es para o correto entendimento do comportamento das contas de cart\u00e3o de cr\u00e9dito.<\/p>\n<p>Ao cadastrar uma nova Conta, do tipo Cart\u00e3o de Cr\u00e9dito, note os seguintes campos:<\/p>\t\t\t\t\t<\/div>\n\t\t\t\t\t\t<\/div>\n\t\t\t\t<\/div>\n\t\t\t\t<div class=\"elementor-element elementor-element-bab5126 elementor-widget elementor-widget-image\" data-id=\"bab5126\" data-element_type=\"widget\" data-widget_type=\"image.default\">\n\t\t\t\t<div class=\"elementor-widget-container\">\n\t\t\t\t\t\t\t\t<div class=\"elementor-image\">\n\t\t\t\t\t\t\t\t\t\t\t\t<img width=\"887\" height=\"618\" src=\"https:\/\/datani.com.br\/suportewp\/wp-content\/uploads\/2020\/10\/2020-10-09_114902.png\" class=\"attachment-large size-large\" alt=\"\" loading=\"lazy\" srcset=\"https:\/\/datani.com.br\/suportewp\/wp-content\/uploads\/2020\/10\/2020-10-09_114902.png 887w, https:\/\/datani.com.br\/suportewp\/wp-content\/uploads\/2020\/10\/2020-10-09_114902-300x209.png 300w, https:\/\/datani.com.br\/suportewp\/wp-content\/uploads\/2020\/10\/2020-10-09_114902-768x535.png 768w\" sizes=\"(max-width: 887px) 100vw, 887px\" \/>\t\t\t\t\t\t\t\t\t\t\t\t\t\t<\/div>\n\t\t\t\t\t\t<\/div>\n\t\t\t\t<\/div>\n\t\t\t\t<div class=\"elementor-element elementor-element-65b3b92 elementor-widget elementor-widget-text-editor\" data-id=\"65b3b92\" data-element_type=\"widget\" data-widget_type=\"text-editor.default\">\n\t\t\t\t<div class=\"elementor-widget-container\">\n\t\t\t\t\t\t\t\t<div class=\"elementor-text-editor elementor-clearfix\">\n\t\t\t\t<p><b>1- Pagar fatura:<\/b> define como \u00e9 lan\u00e7ado o pagamento da fatura do cart\u00e3o. Muitas operadoras lan\u00e7am o pagamento de uma fatura na fatura seguinte. No Carrera Finan\u00e7as voc\u00ea pode escolher se prefere este comportamento, ou ent\u00e3o registrar o pagamento da fatura na pr\u00f3pria fatura.<\/p><p><b>2- Conta Pgto:<\/b> usado para configurar qual a conta padr\u00e3o que ser\u00e1 utilizada para pagar as faturas. Veja mais detalhes no t\u00f3pico Como pagar uma fatura de cart\u00e3o de cr\u00e9dito.<\/p><p><b>3- Limite total:<\/b> guarda o valor do limite total do cart\u00e3o. Conforme forem sendo lan\u00e7ados as compras e pagamentos o Carrera Finan\u00e7as procura calcular o valor dispon\u00edvel do limite. Inclusive considerando compras parceladas.<\/p><p><b>4- Dia do vencimento:<\/b> define o Dia de vencimento das faturas. Esse campos tamb\u00e9m \u00e9 utilizado, juntamente com o Melhor dia de compra para calcular a fatura correta quando os lan\u00e7amentos s\u00e3o associados automaticamente conforme a data. Item 6.<\/p><p><b>5- Melhor dia de compra:<\/b> dia aproximado em que seria o melhor dia de compra do seu cart\u00e3o. O dia, e o prazo at\u00e9 o dia de vencimento pode variar de acordo com a operadora do cart\u00e3o, e inclusive de um m\u00eas para outro. Este dia tamb\u00e9m \u00e9 utilizado para criar as faturas automaticamente.<\/p><p><b>6- Associar fatura automaticamente:<\/b> quando marcado, ao registrar um lan\u00e7amento para uma conta de cart\u00e3o cr\u00e9dito, a fatura ser\u00e1 sugerida automaticamente conforme a data do lan\u00e7amento. Por\u00e9m, mesmo com a sugest\u00e3o, \u00e9 poss\u00edvel alterar a fatura do lan\u00e7amento.<\/p>\t\t\t\t\t<\/div>\n\t\t\t\t\t\t<\/div>\n\t\t\t\t<\/div>\n\t\t\t\t\t\t<\/div>\n\t\t\t\t\t<\/div>\n\t\t<\/div>\n\t\t\t\t\t\t\t\t<\/div>\n\t\t\t\t\t<\/div>\n\t\t<\/section>\n\t\t\t\t<section class=\"elementor-section elementor-top-section elementor-element elementor-element-97bf8eb elementor-section-boxed elementor-section-height-default elementor-section-height-default\" data-id=\"97bf8eb\" data-element_type=\"section\">\n\t\t\t\t\t\t<div class=\"elementor-container elementor-column-gap-default\">\n\t\t\t\t\t\t\t<div class=\"elementor-row\">\n\t\t\t\t\t<div class=\"elementor-column elementor-col-100 elementor-top-column elementor-element elementor-element-e9d3188\" data-id=\"e9d3188\" data-element_type=\"column\">\n\t\t\t<div class=\"elementor-column-wrap elementor-element-populated\">\n\t\t\t\t\t\t\t<div class=\"elementor-widget-wrap\">\n\t\t\t\t\t\t<div class=\"elementor-element elementor-element-c9cc5b6 elementor-widget-divider--view-line elementor-widget elementor-widget-divider\" data-id=\"c9cc5b6\" data-element_type=\"widget\" data-widget_type=\"divider.default\">\n\t\t\t\t<div class=\"elementor-widget-container\">\n\t\t\t\t\t<div class=\"elementor-divider\">\n\t\t\t<span class=\"elementor-divider-separator\">\n\t\t\t\t\t\t<\/span>\n\t\t<\/div>\n\t\t\t\t<\/div>\n\t\t\t\t<\/div>\n\t\t\t\t\t\t<\/div>\n\t\t\t\t\t<\/div>\n\t\t<\/div>\n\t\t\t\t\t\t\t\t<\/div>\n\t\t\t\t\t<\/div>\n\t\t<\/section>\n\t\t\t\t<section class=\"elementor-section elementor-top-section elementor-element elementor-element-6c5f148 elementor-section-boxed elementor-section-height-default elementor-section-height-default\" data-id=\"6c5f148\" data-element_type=\"section\">\n\t\t\t\t\t\t<div class=\"elementor-container elementor-column-gap-default\">\n\t\t\t\t\t\t\t<div class=\"elementor-row\">\n\t\t\t\t\t<div class=\"elementor-column elementor-col-100 elementor-top-column elementor-element elementor-element-72a3925\" data-id=\"72a3925\" data-element_type=\"column\">\n\t\t\t<div class=\"elementor-column-wrap elementor-element-populated\">\n\t\t\t\t\t\t\t<div class=\"elementor-widget-wrap\">\n\t\t\t\t\t\t<div class=\"elementor-element elementor-element-f0dd35d elementor-widget elementor-widget-text-editor\" data-id=\"f0dd35d\" data-element_type=\"widget\" data-widget_type=\"text-editor.default\">\n\t\t\t\t<div class=\"elementor-widget-container\">\n\t\t\t\t\t\t\t\t<div class=\"elementor-text-editor elementor-clearfix\">\n\t\t\t\t<h4>Veja tamb\u00e9m:<\/h4>\t\t\t\t\t<\/div>\n\t\t\t\t\t\t<\/div>\n\t\t\t\t<\/div>\n\t\t\t\t<div class=\"elementor-element elementor-element-3ae7597 elementor-widget elementor-widget-text-editor\" data-id=\"3ae7597\" data-element_type=\"widget\" data-widget_type=\"text-editor.default\">\n\t\t\t\t<div class=\"elementor-widget-container\">\n\t\t\t\t\t\t\t\t<div class=\"elementor-text-editor elementor-clearfix\">\n\t\t\t\t<ul><li style=\"list-style-type: none;\"><ul><li><span style=\"color: #00ccff;\"><a style=\"color: #00ccff;\" href=\"https:\/\/datani.com.br\/suportewp\/como-cadastrar-uma-conta-carrera-financas\/\">Como cadastrar uma Conta<\/a><br \/><\/span><\/li><li><span style=\"color: #00ccff;\"><a style=\"color: #00ccff;\" href=\"https:\/\/datani.com.br\/suportewp\/como-lancar-uma-receita-ou-despesa-carrera-financas\/\">Como lan\u00e7ar uma receita ou despesa<\/a><\/span><\/li><li><span style=\"color: #00ccff;\"><a style=\"color: #00ccff;\" href=\"https:\/\/datani.com.br\/suportewp\/como-registrar-uma-compra-parcelada-no-cartao-de-credito-carrera-financas\/\">Como registrar uma compra parcelada no cart\u00e3o de cr\u00e9dito<\/a><\/span><\/li><li><span style=\"color: #00ccff;\"><a style=\"color: #00ccff;\" href=\"https:\/\/datani.com.br\/suportewp\/como-pagar-uma-fatura-de-cartao-de-credito-carrera-financas\/\">Como pagar uma fatura de cart\u00e3o de cr\u00e9dito<\/a><\/span><\/li><li><span style=\"color: #00ccff;\"><a style=\"color: #00ccff;\" href=\"https:\/\/datani.com.br\/suportewp\/como-agendar-uma-fatura-de-cartao-de-credito-carrera-financas\/\">Como agendar uma fatura de cart\u00e3o de cr\u00e9dito<\/a><\/span><\/li><\/ul><\/li><\/ul>\t\t\t\t\t<\/div>\n\t\t\t\t\t\t<\/div>\n\t\t\t\t<\/div>\n\t\t\t\t\t\t<\/div>\n\t\t\t\t\t<\/div>\n\t\t<\/div>\n\t\t\t\t\t\t\t\t<\/div>\n\t\t\t\t\t<\/div>\n\t\t<\/section>\n\t\t\t\t<section class=\"elementor-section elementor-top-section elementor-element elementor-element-950485c elementor-section-boxed elementor-section-height-default elementor-section-height-default\" data-id=\"950485c\" data-element_type=\"section\">\n\t\t\t\t\t\t<div class=\"elementor-container elementor-column-gap-default\">\n\t\t\t\t\t\t\t<div class=\"elementor-row\">\n\t\t\t\t\t<div class=\"elementor-column elementor-col-100 elementor-top-column elementor-element elementor-element-30a98ec\" data-id=\"30a98ec\" data-element_type=\"column\">\n\t\t\t<div class=\"elementor-column-wrap elementor-element-populated\">\n\t\t\t\t\t\t\t<div class=\"elementor-widget-wrap\">\n\t\t\t\t\t\t<div class=\"elementor-element elementor-element-897b585 elementor-widget elementor-widget-spacer\" data-id=\"897b585\" data-element_type=\"widget\" data-widget_type=\"spacer.default\">\n\t\t\t\t<div class=\"elementor-widget-container\">\n\t\t\t\t\t<div class=\"elementor-spacer\">\n\t\t\t<div class=\"elementor-spacer-inner\"><\/div>\n\t\t<\/div>\n\t\t\t\t<\/div>\n\t\t\t\t<\/div>\n\t\t\t\t\t\t<\/div>\n\t\t\t\t\t<\/div>\n\t\t<\/div>\n\t\t\t\t\t\t\t\t<\/div>\n\t\t\t\t\t<\/div>\n\t\t<\/section>\n\t\t\t\t\t\t\t\t\t<\/div>\n\t\t\t<\/div>\n\t\t\t\t\t<\/div>\n\t\t","protected":false},"excerpt":{"rendered":"<p>Suporte | Carrera Finan\u00e7as Cart\u00e3o de cr\u00e9dito Como configurar uma conta de cart\u00e3o de cr\u00e9dito \u00c9 importante saber de algumas considera\u00e7\u00f5es para o correto entendimento do comportamento das contas de cart\u00e3o de cr\u00e9dito. Ao cadastrar uma nova Conta, do tipo Cart\u00e3o de Cr\u00e9dito, note os seguintes campos: 1- Pagar fatura: define como \u00e9 lan\u00e7ado o&hellip;&nbsp;<a href=\"https:\/\/datani.com.br\/suportewp\/como-configurar-uma-conta-de-cartao-de-credito-carrera-financas\/\" class=\"\" rel=\"bookmark\">Continue a ler &raquo;<span class=\"screen-reader-text\">Como configurar uma conta de cart\u00e3o de cr\u00e9dito (Carrera Finan\u00e7as)<\/span><\/a><\/p>\n","protected":false},"author":3,"featured_media":0,"parent":0,"menu_order":0,"comment_status":"closed","ping_status":"closed","template":"page-templates\/template-pagebuilder-full-width.php","meta":{"neve_meta_sidebar":"full-width","neve_meta_container":"","neve_meta_enable_content_width":"on","neve_meta_content_width":100,"neve_meta_title_alignment":"","neve_meta_author_avatar":"","neve_post_elements_order":"","neve_meta_disable_header":"","neve_meta_disable_footer":"","neve_meta_disable_title":""},"_links":{"self":[{"href":"https:\/\/datani.com.br\/suportewp\/wp-json\/wp\/v2\/pages\/3507"}],"collection":[{"href":"https:\/\/datani.com.br\/suportewp\/wp-json\/wp\/v2\/pages"}],"about":[{"href":"https:\/\/datani.com.br\/suportewp\/wp-json\/wp\/v2\/types\/page"}],"author":[{"embeddable":true,"href":"https:\/\/datani.com.br\/suportewp\/wp-json\/wp\/v2\/users\/3"}],"replies":[{"embeddable":true,"href":"https:\/\/datani.com.br\/suportewp\/wp-json\/wp\/v2\/comments?post=3507"}],"version-history":[{"count":7,"href":"https:\/\/datani.com.br\/suportewp\/wp-json\/wp\/v2\/pages\/3507\/revisions"}],"predecessor-version":[{"id":4954,"href":"https:\/\/datani.com.br\/suportewp\/wp-json\/wp\/v2\/pages\/3507\/revisions\/4954"}],"wp:attachment":[{"href":"https:\/\/datani.com.br\/suportewp\/wp-json\/wp\/v2\/media?parent=3507"}],"curies":[{"name":"wp","href":"https:\/\/api.w.org\/{rel}","templated":true}]}}