{"id":3357,"date":"2020-10-07T18:02:55","date_gmt":"2020-10-07T21:02:55","guid":{"rendered":"https:\/\/datani.com.br\/suportewp\/?page_id=3357"},"modified":"2020-12-14T16:42:34","modified_gmt":"2020-12-14T19:42:34","slug":"planejamento-financeiro-carrera-financas","status":"publish","type":"page","link":"https:\/\/datani.com.br\/suportewp\/planejamento-financeiro-carrera-financas\/","title":{"rendered":"Planejamento financeiro (Carrera Finan\u00e7as)"},"content":{"rendered":"\t\t<div data-elementor-type=\"wp-page\" data-elementor-id=\"3357\" class=\"elementor elementor-3357\">\n\t\t\t\t\t\t<div class=\"elementor-inner\">\n\t\t\t\t<div class=\"elementor-section-wrap\">\n\t\t\t\t\t\t\t\t\t<section class=\"elementor-section elementor-top-section elementor-element elementor-element-8dbad56 elementor-section-boxed elementor-section-height-default elementor-section-height-default\" data-id=\"8dbad56\" data-element_type=\"section\">\n\t\t\t\t\t\t<div class=\"elementor-container elementor-column-gap-default\">\n\t\t\t\t\t\t\t<div class=\"elementor-row\">\n\t\t\t\t\t<div class=\"elementor-column elementor-col-50 elementor-top-column elementor-element elementor-element-cb7803b\" data-id=\"cb7803b\" data-element_type=\"column\">\n\t\t\t<div class=\"elementor-column-wrap elementor-element-populated\">\n\t\t\t\t\t\t\t<div class=\"elementor-widget-wrap\">\n\t\t\t\t\t\t<div class=\"elementor-element elementor-element-5c77743 elementor-widget elementor-widget-image\" data-id=\"5c77743\" data-element_type=\"widget\" data-widget_type=\"image.default\">\n\t\t\t\t<div class=\"elementor-widget-container\">\n\t\t\t\t\t\t\t\t<div class=\"elementor-image\">\n\t\t\t\t\t\t\t\t\t\t\t\t\t<a href=\"https:\/\/datani.com.br\/suportewp\/carrera-financas\/\">\n\t\t\t\t\t\t\t<img width=\"128\" height=\"128\" src=\"https:\/\/datani.com.br\/suportewp\/wp-content\/uploads\/2020\/09\/Carrera-Fin-Icon-128.png\" class=\"attachment-large size-large\" alt=\"\" loading=\"lazy\" \/>\t\t\t\t\t\t\t\t<\/a>\n\t\t\t\t\t\t\t\t\t\t\t\t\t\t<\/div>\n\t\t\t\t\t\t<\/div>\n\t\t\t\t<\/div>\n\t\t\t\t\t\t<\/div>\n\t\t\t\t\t<\/div>\n\t\t<\/div>\n\t\t\t\t<div class=\"elementor-column elementor-col-50 elementor-top-column elementor-element elementor-element-04e5fb2\" data-id=\"04e5fb2\" data-element_type=\"column\">\n\t\t\t<div class=\"elementor-column-wrap elementor-element-populated\">\n\t\t\t\t\t\t\t<div class=\"elementor-widget-wrap\">\n\t\t\t\t\t\t<div class=\"elementor-element elementor-element-5a868c0 elementor-widget elementor-widget-text-editor\" data-id=\"5a868c0\" data-element_type=\"widget\" data-widget_type=\"text-editor.default\">\n\t\t\t\t<div class=\"elementor-widget-container\">\n\t\t\t\t\t\t\t\t<div class=\"elementor-text-editor elementor-clearfix\">\n\t\t\t\t<h1><a href=\"https:\/\/datani.com.br\/suportewp\/\">Suporte<\/a> | <a href=\"https:\/\/datani.com.br\/suportewp\/carrera-financas\/\">Carrera Finan\u00e7as<\/a><\/h1>\t\t\t\t\t<\/div>\n\t\t\t\t\t\t<\/div>\n\t\t\t\t<\/div>\n\t\t\t\t\t\t<\/div>\n\t\t\t\t\t<\/div>\n\t\t<\/div>\n\t\t\t\t\t\t\t\t<\/div>\n\t\t\t\t\t<\/div>\n\t\t<\/section>\n\t\t\t\t<section class=\"elementor-section elementor-top-section elementor-element elementor-element-1becdd5 elementor-section-boxed elementor-section-height-default elementor-section-height-default\" data-id=\"1becdd5\" data-element_type=\"section\">\n\t\t\t\t\t\t<div class=\"elementor-container elementor-column-gap-default\">\n\t\t\t\t\t\t\t<div class=\"elementor-row\">\n\t\t\t\t\t<div class=\"elementor-column elementor-col-100 elementor-top-column elementor-element elementor-element-6838e93\" data-id=\"6838e93\" data-element_type=\"column\">\n\t\t\t<div class=\"elementor-column-wrap elementor-element-populated\">\n\t\t\t\t\t\t\t<div class=\"elementor-widget-wrap\">\n\t\t\t\t\t\t<div class=\"elementor-element elementor-element-12e290c elementor-widget elementor-widget-heading\" data-id=\"12e290c\" data-element_type=\"widget\" data-widget_type=\"heading.default\">\n\t\t\t\t<div class=\"elementor-widget-container\">\n\t\t\t<h1 class=\"elementor-heading-title elementor-size-default\">Planejamento financeiro<\/h1>\t\t<\/div>\n\t\t\t\t<\/div>\n\t\t\t\t\t\t<\/div>\n\t\t\t\t\t<\/div>\n\t\t<\/div>\n\t\t\t\t\t\t\t\t<\/div>\n\t\t\t\t\t<\/div>\n\t\t<\/section>\n\t\t\t\t<section class=\"elementor-section elementor-top-section elementor-element elementor-element-72651a1 elementor-section-boxed elementor-section-height-default elementor-section-height-default\" data-id=\"72651a1\" data-element_type=\"section\">\n\t\t\t\t\t\t<div class=\"elementor-container elementor-column-gap-default\">\n\t\t\t\t\t\t\t<div class=\"elementor-row\">\n\t\t\t\t\t<div class=\"elementor-column elementor-col-100 elementor-top-column elementor-element elementor-element-e79cf90\" data-id=\"e79cf90\" data-element_type=\"column\">\n\t\t\t<div class=\"elementor-column-wrap elementor-element-populated\">\n\t\t\t\t\t\t\t<div class=\"elementor-widget-wrap\">\n\t\t\t\t\t\t<div class=\"elementor-element elementor-element-267f9d6 elementor-widget elementor-widget-text-editor\" data-id=\"267f9d6\" data-element_type=\"widget\" data-widget_type=\"text-editor.default\">\n\t\t\t\t<div class=\"elementor-widget-container\">\n\t\t\t\t\t\t\t\t<div class=\"elementor-text-editor elementor-clearfix\">\n\t\t\t\t<p>Nesta \u00e1rea voc\u00ea pode elaborar o planejamento financeiro da sua empresa atrav\u00e9s de or\u00e7amentos. Com eles \u00e9 poss\u00edvel acompanhar o desempenho das receitas e despesas.<br \/>Compare as receitas e despesas realizadas com os or\u00e7amentos e fa\u00e7a uma an\u00e1lise da sa\u00fade financeira da sua empresa<\/p>\t\t\t\t\t<\/div>\n\t\t\t\t\t\t<\/div>\n\t\t\t\t<\/div>\n\t\t\t\t\t\t<\/div>\n\t\t\t\t\t<\/div>\n\t\t<\/div>\n\t\t\t\t\t\t\t\t<\/div>\n\t\t\t\t\t<\/div>\n\t\t<\/section>\n\t\t\t\t<section class=\"elementor-section elementor-top-section elementor-element elementor-element-d7a56e2 elementor-section-boxed elementor-section-height-default elementor-section-height-default\" data-id=\"d7a56e2\" data-element_type=\"section\">\n\t\t\t\t\t\t<div class=\"elementor-container elementor-column-gap-default\">\n\t\t\t\t\t\t\t<div class=\"elementor-row\">\n\t\t\t\t\t<div class=\"elementor-column elementor-col-100 elementor-top-column elementor-element elementor-element-a94b453\" data-id=\"a94b453\" data-element_type=\"column\" data-settings=\"{&quot;background_background&quot;:&quot;classic&quot;}\">\n\t\t\t<div class=\"elementor-column-wrap elementor-element-populated\">\n\t\t\t\t\t\t\t<div class=\"elementor-widget-wrap\">\n\t\t\t\t\t\t<section class=\"elementor-section elementor-inner-section elementor-element elementor-element-33c04c9 elementor-section-boxed elementor-section-height-default elementor-section-height-default\" data-id=\"33c04c9\" data-element_type=\"section\">\n\t\t\t\t\t\t<div class=\"elementor-container elementor-column-gap-default\">\n\t\t\t\t\t\t\t<div class=\"elementor-row\">\n\t\t\t\t\t<div class=\"elementor-column elementor-col-50 elementor-inner-column elementor-element elementor-element-cfd93aa\" data-id=\"cfd93aa\" data-element_type=\"column\">\n\t\t\t<div class=\"elementor-column-wrap elementor-element-populated\">\n\t\t\t\t\t\t\t<div class=\"elementor-widget-wrap\">\n\t\t\t\t\t\t<div class=\"elementor-element elementor-element-ead84a2 elementor-widget elementor-widget-text-editor\" data-id=\"ead84a2\" data-element_type=\"widget\" data-widget_type=\"text-editor.default\">\n\t\t\t\t<div class=\"elementor-widget-container\">\n\t\t\t\t\t\t\t\t<div class=\"elementor-text-editor elementor-clearfix\">\n\t\t\t\t<ul><li><a href=\"https:\/\/datani.com.br\/suportewp\/conhecendo-a-area-de-orcamentos-carrera-financas\/\">Conhecendo a \u00e1rea de or\u00e7amentos<\/a><\/li><li><a href=\"https:\/\/datani.com.br\/suportewp\/analisando-o-desempenho-do-orcamento-com-receitas-e-despesas-carrera-financas\/\">Analisando o desempenho do or\u00e7amento com receitas e despesas<\/a><\/li><\/ul>\t\t\t\t\t<\/div>\n\t\t\t\t\t\t<\/div>\n\t\t\t\t<\/div>\n\t\t\t\t\t\t<\/div>\n\t\t\t\t\t<\/div>\n\t\t<\/div>\n\t\t\t\t<div class=\"elementor-column elementor-col-50 elementor-inner-column elementor-element elementor-element-0a3b185\" data-id=\"0a3b185\" data-element_type=\"column\">\n\t\t\t<div class=\"elementor-column-wrap elementor-element-populated\">\n\t\t\t\t\t\t\t<div class=\"elementor-widget-wrap\">\n\t\t\t\t\t\t<div class=\"elementor-element elementor-element-58e8f97 elementor-widget elementor-widget-text-editor\" data-id=\"58e8f97\" data-element_type=\"widget\" data-widget_type=\"text-editor.default\">\n\t\t\t\t<div class=\"elementor-widget-container\">\n\t\t\t\t\t\t\t\t<div class=\"elementor-text-editor elementor-clearfix\">\n\t\t\t\t<ul>\n<li><a href=\"https:\/\/datani.com.br\/suportewp\/como-criar-um-orcamento-carrera-financas\/\">Como criar um or\u00e7amento<\/a><\/li>\n<li><a href=\"https:\/\/datani.com.br\/suportewp\/editando-orcamento-carrera-financas\/\">Editando um or\u00e7amento<\/a><\/li>\n<\/ul>\t\t\t\t\t<\/div>\n\t\t\t\t\t\t<\/div>\n\t\t\t\t<\/div>\n\t\t\t\t\t\t<\/div>\n\t\t\t\t\t<\/div>\n\t\t<\/div>\n\t\t\t\t\t\t\t\t<\/div>\n\t\t\t\t\t<\/div>\n\t\t<\/section>\n\t\t\t\t\t\t<\/div>\n\t\t\t\t\t<\/div>\n\t\t<\/div>\n\t\t\t\t\t\t\t\t<\/div>\n\t\t\t\t\t<\/div>\n\t\t<\/section>\n\t\t\t\t<section class=\"elementor-section elementor-top-section elementor-element elementor-element-5373620 elementor-section-boxed elementor-section-height-default elementor-section-height-default\" data-id=\"5373620\" data-element_type=\"section\">\n\t\t\t\t\t\t<div class=\"elementor-container elementor-column-gap-default\">\n\t\t\t\t\t\t\t<div class=\"elementor-row\">\n\t\t\t\t\t<div class=\"elementor-column elementor-col-100 elementor-top-column elementor-element elementor-element-a721e95\" data-id=\"a721e95\" data-element_type=\"column\">\n\t\t\t<div class=\"elementor-column-wrap elementor-element-populated\">\n\t\t\t\t\t\t\t<div class=\"elementor-widget-wrap\">\n\t\t\t\t\t\t<div class=\"elementor-element elementor-element-4ccc477 elementor-widget elementor-widget-spacer\" data-id=\"4ccc477\" data-element_type=\"widget\" data-widget_type=\"spacer.default\">\n\t\t\t\t<div class=\"elementor-widget-container\">\n\t\t\t\t\t<div class=\"elementor-spacer\">\n\t\t\t<div class=\"elementor-spacer-inner\"><\/div>\n\t\t<\/div>\n\t\t\t\t<\/div>\n\t\t\t\t<\/div>\n\t\t\t\t\t\t<\/div>\n\t\t\t\t\t<\/div>\n\t\t<\/div>\n\t\t\t\t\t\t\t\t<\/div>\n\t\t\t\t\t<\/div>\n\t\t<\/section>\n\t\t\t\t\t\t\t\t\t<\/div>\n\t\t\t<\/div>\n\t\t\t\t\t<\/div>\n\t\t","protected":false},"excerpt":{"rendered":"<p>Suporte | Carrera Finan\u00e7as Planejamento financeiro Nesta \u00e1rea voc\u00ea pode elaborar o planejamento financeiro da sua empresa atrav\u00e9s de or\u00e7amentos. Com eles \u00e9 poss\u00edvel acompanhar o desempenho das receitas e despesas.Compare as receitas e despesas realizadas com os or\u00e7amentos e fa\u00e7a uma an\u00e1lise da sa\u00fade financeira da sua empresa Conhecendo a \u00e1rea de or\u00e7amentos Analisando&hellip;&nbsp;<a href=\"https:\/\/datani.com.br\/suportewp\/planejamento-financeiro-carrera-financas\/\" class=\"\" rel=\"bookmark\">Continue a ler &raquo;<span class=\"screen-reader-text\">Planejamento financeiro (Carrera Finan\u00e7as)<\/span><\/a><\/p>\n","protected":false},"author":3,"featured_media":0,"parent":0,"menu_order":0,"comment_status":"closed","ping_status":"closed","template":"page-templates\/template-pagebuilder-full-width.php","meta":{"neve_meta_sidebar":"full-width","neve_meta_container":"","neve_meta_enable_content_width":"on","neve_meta_content_width":100,"neve_meta_title_alignment":"","neve_meta_author_avatar":"","neve_post_elements_order":"","neve_meta_disable_header":"","neve_meta_disable_footer":"","neve_meta_disable_title":""},"_links":{"self":[{"href":"https:\/\/datani.com.br\/suportewp\/wp-json\/wp\/v2\/pages\/3357"}],"collection":[{"href":"https:\/\/datani.com.br\/suportewp\/wp-json\/wp\/v2\/pages"}],"about":[{"href":"https:\/\/datani.com.br\/suportewp\/wp-json\/wp\/v2\/types\/page"}],"author":[{"embeddable":true,"href":"https:\/\/datani.com.br\/suportewp\/wp-json\/wp\/v2\/users\/3"}],"replies":[{"embeddable":true,"href":"https:\/\/datani.com.br\/suportewp\/wp-json\/wp\/v2\/comments?post=3357"}],"version-history":[{"count":12,"href":"https:\/\/datani.com.br\/suportewp\/wp-json\/wp\/v2\/pages\/3357\/revisions"}],"predecessor-version":[{"id":4762,"href":"https:\/\/datani.com.br\/suportewp\/wp-json\/wp\/v2\/pages\/3357\/revisions\/4762"}],"wp:attachment":[{"href":"https:\/\/datani.com.br\/suportewp\/wp-json\/wp\/v2\/media?parent=3357"}],"curies":[{"name":"wp","href":"https:\/\/api.w.org\/{rel}","templated":true}]}}