{"id":3272,"date":"2020-10-07T14:21:51","date_gmt":"2020-10-07T17:21:51","guid":{"rendered":"https:\/\/datani.com.br\/suportewp\/?page_id=3272"},"modified":"2021-01-07T17:00:18","modified_gmt":"2021-01-07T20:00:18","slug":"como-marcar-um-lancamento-como-compensado-reconciliado-ou-cancelado-carrera-financas","status":"publish","type":"page","link":"https:\/\/datani.com.br\/suportewp\/como-marcar-um-lancamento-como-compensado-reconciliado-ou-cancelado-carrera-financas\/","title":{"rendered":"Como marcar um lan\u00e7amento como Compensado, Reconciliado ou Cancelado (Carrera Finan\u00e7as)"},"content":{"rendered":"\t\t<div data-elementor-type=\"wp-page\" data-elementor-id=\"3272\" class=\"elementor elementor-3272\">\n\t\t\t\t\t\t<div class=\"elementor-inner\">\n\t\t\t\t<div class=\"elementor-section-wrap\">\n\t\t\t\t\t\t\t\t\t<section class=\"elementor-section elementor-top-section elementor-element elementor-element-916de6b elementor-section-boxed elementor-section-height-default elementor-section-height-default\" data-id=\"916de6b\" data-element_type=\"section\">\n\t\t\t\t\t\t<div class=\"elementor-container elementor-column-gap-default\">\n\t\t\t\t\t\t\t<div class=\"elementor-row\">\n\t\t\t\t\t<div class=\"elementor-column elementor-col-50 elementor-top-column elementor-element elementor-element-29baf9d\" data-id=\"29baf9d\" data-element_type=\"column\">\n\t\t\t<div class=\"elementor-column-wrap elementor-element-populated\">\n\t\t\t\t\t\t\t<div class=\"elementor-widget-wrap\">\n\t\t\t\t\t\t<div class=\"elementor-element elementor-element-ddc96ac elementor-widget elementor-widget-image\" data-id=\"ddc96ac\" data-element_type=\"widget\" data-widget_type=\"image.default\">\n\t\t\t\t<div class=\"elementor-widget-container\">\n\t\t\t\t\t\t\t\t<div class=\"elementor-image\">\n\t\t\t\t\t\t\t\t\t\t\t\t\t<a href=\"https:\/\/datani.com.br\/suportewp\/carrera-financas\/\">\n\t\t\t\t\t\t\t<img width=\"128\" height=\"128\" src=\"https:\/\/datani.com.br\/suportewp\/wp-content\/uploads\/2020\/09\/Carrera-Fin-Icon-128.png\" class=\"attachment-large size-large\" alt=\"\" loading=\"lazy\" \/>\t\t\t\t\t\t\t\t<\/a>\n\t\t\t\t\t\t\t\t\t\t\t\t\t\t<\/div>\n\t\t\t\t\t\t<\/div>\n\t\t\t\t<\/div>\n\t\t\t\t\t\t<\/div>\n\t\t\t\t\t<\/div>\n\t\t<\/div>\n\t\t\t\t<div class=\"elementor-column elementor-col-50 elementor-top-column elementor-element elementor-element-14a253c\" data-id=\"14a253c\" data-element_type=\"column\">\n\t\t\t<div class=\"elementor-column-wrap elementor-element-populated\">\n\t\t\t\t\t\t\t<div class=\"elementor-widget-wrap\">\n\t\t\t\t\t\t<div class=\"elementor-element elementor-element-c2836a1 elementor-widget elementor-widget-text-editor\" data-id=\"c2836a1\" data-element_type=\"widget\" data-widget_type=\"text-editor.default\">\n\t\t\t\t<div class=\"elementor-widget-container\">\n\t\t\t\t\t\t\t\t<div class=\"elementor-text-editor elementor-clearfix\">\n\t\t\t\t<h1><a href=\"https:\/\/datani.com.br\/suportewp\/\">Suporte<\/a> | <a href=\"https:\/\/datani.com.br\/suportewp\/carrera-financas\/\">Carrera Finan\u00e7as<\/a><\/h1>\t\t\t\t\t<\/div>\n\t\t\t\t\t\t<\/div>\n\t\t\t\t<\/div>\n\t\t\t\t\t\t<\/div>\n\t\t\t\t\t<\/div>\n\t\t<\/div>\n\t\t\t\t\t\t\t\t<\/div>\n\t\t\t\t\t<\/div>\n\t\t<\/section>\n\t\t\t\t<section class=\"elementor-section elementor-top-section elementor-element elementor-element-9051a0a elementor-section-boxed elementor-section-height-default elementor-section-height-default\" data-id=\"9051a0a\" data-element_type=\"section\">\n\t\t\t\t\t\t<div class=\"elementor-container elementor-column-gap-default\">\n\t\t\t\t\t\t\t<div class=\"elementor-row\">\n\t\t\t\t\t<div class=\"elementor-column elementor-col-100 elementor-top-column elementor-element elementor-element-6f87882\" data-id=\"6f87882\" data-element_type=\"column\">\n\t\t\t<div class=\"elementor-column-wrap elementor-element-populated\">\n\t\t\t\t\t\t\t<div class=\"elementor-widget-wrap\">\n\t\t\t\t\t\t<div class=\"elementor-element elementor-element-09545de elementor-widget elementor-widget-heading\" data-id=\"09545de\" data-element_type=\"widget\" data-widget_type=\"heading.default\">\n\t\t\t\t<div class=\"elementor-widget-container\">\n\t\t\t<h1 class=\"elementor-heading-title elementor-size-default\"><a href=\"https:\/\/datani.com.br\/suportewp\/contas-e-lancamentos-carrera-financas\/#Lan\u00e7amentos\">Lan\u00e7amentos<\/a><\/h1>\t\t<\/div>\n\t\t\t\t<\/div>\n\t\t\t\t\t\t<\/div>\n\t\t\t\t\t<\/div>\n\t\t<\/div>\n\t\t\t\t\t\t\t\t<\/div>\n\t\t\t\t\t<\/div>\n\t\t<\/section>\n\t\t\t\t<section class=\"elementor-section elementor-top-section elementor-element elementor-element-80642f7 elementor-section-boxed elementor-section-height-default elementor-section-height-default\" data-id=\"80642f7\" data-element_type=\"section\">\n\t\t\t\t\t\t<div class=\"elementor-container elementor-column-gap-default\">\n\t\t\t\t\t\t\t<div class=\"elementor-row\">\n\t\t\t\t\t<div class=\"elementor-column elementor-col-100 elementor-top-column elementor-element elementor-element-29703f3\" data-id=\"29703f3\" data-element_type=\"column\">\n\t\t\t<div class=\"elementor-column-wrap elementor-element-populated\">\n\t\t\t\t\t\t\t<div class=\"elementor-widget-wrap\">\n\t\t\t\t\t\t<div class=\"elementor-element elementor-element-0919554 elementor-widget elementor-widget-text-editor\" data-id=\"0919554\" data-element_type=\"widget\" data-widget_type=\"text-editor.default\">\n\t\t\t\t<div class=\"elementor-widget-container\">\n\t\t\t\t\t\t\t\t<div class=\"elementor-text-editor elementor-clearfix\">\n\t\t\t\t<ul><li><h3>Como marcar um lan\u00e7amento como Compensado, Reconciliado ou Cancelado<\/h3><\/li><\/ul>\t\t\t\t\t<\/div>\n\t\t\t\t\t\t<\/div>\n\t\t\t\t<\/div>\n\t\t\t\t\t\t<\/div>\n\t\t\t\t\t<\/div>\n\t\t<\/div>\n\t\t\t\t\t\t\t\t<\/div>\n\t\t\t\t\t<\/div>\n\t\t<\/section>\n\t\t\t\t<section class=\"elementor-section elementor-top-section elementor-element elementor-element-06dc563 elementor-section-boxed elementor-section-height-default elementor-section-height-default\" data-id=\"06dc563\" data-element_type=\"section\">\n\t\t\t\t\t\t<div class=\"elementor-container elementor-column-gap-default\">\n\t\t\t\t\t\t\t<div class=\"elementor-row\">\n\t\t\t\t\t<div class=\"elementor-column elementor-col-100 elementor-top-column elementor-element elementor-element-2b2171c\" data-id=\"2b2171c\" data-element_type=\"column\">\n\t\t\t<div class=\"elementor-column-wrap elementor-element-populated\">\n\t\t\t\t\t\t\t<div class=\"elementor-widget-wrap\">\n\t\t\t\t\t\t<div class=\"elementor-element elementor-element-0972924 elementor-widget elementor-widget-text-editor\" data-id=\"0972924\" data-element_type=\"widget\" data-widget_type=\"text-editor.default\">\n\t\t\t\t<div class=\"elementor-widget-container\">\n\t\t\t\t\t\t\t\t<div class=\"elementor-text-editor elementor-clearfix\">\n\t\t\t\t<p>Na lista de lan\u00e7amentos, selecione (1) o lan\u00e7amento que deseja marcar.<\/p>\n<p>Na barra de ferramentas de lan\u00e7amentos clique no bot\u00e3o Marcar (2) e escolha a situa\u00e7\u00e3o que deseja utilizar.<\/p>\t\t\t\t\t<\/div>\n\t\t\t\t\t\t<\/div>\n\t\t\t\t<\/div>\n\t\t\t\t\t\t<\/div>\n\t\t\t\t\t<\/div>\n\t\t<\/div>\n\t\t\t\t\t\t\t\t<\/div>\n\t\t\t\t\t<\/div>\n\t\t<\/section>\n\t\t\t\t<section class=\"elementor-section elementor-top-section elementor-element elementor-element-a634226 elementor-section-boxed elementor-section-height-default elementor-section-height-default\" data-id=\"a634226\" data-element_type=\"section\">\n\t\t\t\t\t\t<div class=\"elementor-container elementor-column-gap-default\">\n\t\t\t\t\t\t\t<div class=\"elementor-row\">\n\t\t\t\t\t<div class=\"elementor-column elementor-col-50 elementor-top-column elementor-element elementor-element-4cf11ae\" data-id=\"4cf11ae\" data-element_type=\"column\">\n\t\t\t<div class=\"elementor-column-wrap elementor-element-populated\">\n\t\t\t\t\t\t\t<div class=\"elementor-widget-wrap\">\n\t\t\t\t\t\t<div class=\"elementor-element elementor-element-6991cf0 elementor-widget elementor-widget-image\" data-id=\"6991cf0\" data-element_type=\"widget\" data-widget_type=\"image.default\">\n\t\t\t\t<div class=\"elementor-widget-container\">\n\t\t\t\t\t\t\t\t<div class=\"elementor-image\">\n\t\t\t\t\t\t\t\t\t\t\t\t<img width=\"550\" height=\"223\" src=\"https:\/\/datani.com.br\/suportewp\/wp-content\/uploads\/2020\/10\/2020-10-07_142651.png\" class=\"attachment-large size-large\" alt=\"\" loading=\"lazy\" srcset=\"https:\/\/datani.com.br\/suportewp\/wp-content\/uploads\/2020\/10\/2020-10-07_142651.png 550w, https:\/\/datani.com.br\/suportewp\/wp-content\/uploads\/2020\/10\/2020-10-07_142651-300x122.png 300w\" sizes=\"(max-width: 550px) 100vw, 550px\" \/>\t\t\t\t\t\t\t\t\t\t\t\t\t\t<\/div>\n\t\t\t\t\t\t<\/div>\n\t\t\t\t<\/div>\n\t\t\t\t\t\t<\/div>\n\t\t\t\t\t<\/div>\n\t\t<\/div>\n\t\t\t\t<div class=\"elementor-column elementor-col-50 elementor-top-column elementor-element elementor-element-4d0810d\" data-id=\"4d0810d\" data-element_type=\"column\">\n\t\t\t<div class=\"elementor-column-wrap elementor-element-populated\">\n\t\t\t\t\t\t\t<div class=\"elementor-widget-wrap\">\n\t\t\t\t\t\t<div class=\"elementor-element elementor-element-67c0f88 elementor-widget elementor-widget-text-editor\" data-id=\"67c0f88\" data-element_type=\"widget\" data-widget_type=\"text-editor.default\">\n\t\t\t\t<div class=\"elementor-widget-container\">\n\t\t\t\t\t\t\t\t<div class=\"elementor-text-editor elementor-clearfix\">\n\t\t\t\t<p>V\u00e1rios lan\u00e7amentos<\/p><p>Para marcar v\u00e1rios lan\u00e7amentos, basta selecionar os itens, com Shift ou Ctrl, e ent\u00e3o executar a mesma a\u00e7\u00e3o.<\/p>\t\t\t\t\t<\/div>\n\t\t\t\t\t\t<\/div>\n\t\t\t\t<\/div>\n\t\t\t\t\t\t<\/div>\n\t\t\t\t\t<\/div>\n\t\t<\/div>\n\t\t\t\t\t\t\t\t<\/div>\n\t\t\t\t\t<\/div>\n\t\t<\/section>\n\t\t\t\t<section class=\"elementor-section elementor-top-section elementor-element elementor-element-36b51aa elementor-section-boxed elementor-section-height-default elementor-section-height-default\" data-id=\"36b51aa\" data-element_type=\"section\">\n\t\t\t\t\t\t<div class=\"elementor-container elementor-column-gap-default\">\n\t\t\t\t\t\t\t<div class=\"elementor-row\">\n\t\t\t\t\t<div class=\"elementor-column elementor-col-100 elementor-top-column elementor-element elementor-element-1d12605\" data-id=\"1d12605\" data-element_type=\"column\">\n\t\t\t<div class=\"elementor-column-wrap elementor-element-populated\">\n\t\t\t\t\t\t\t<div class=\"elementor-widget-wrap\">\n\t\t\t\t\t\t<div class=\"elementor-element elementor-element-a58d1b1 elementor-widget elementor-widget-text-editor\" data-id=\"a58d1b1\" data-element_type=\"widget\" data-widget_type=\"text-editor.default\">\n\t\t\t\t<div class=\"elementor-widget-container\">\n\t\t\t\t\t\t\t\t<div class=\"elementor-text-editor elementor-clearfix\">\n\t\t\t\t<p>Tamb\u00e9m \u00e9 poss\u00edvel marcar utilizando o menu de contexto, clicando com o bot\u00e3o direito do mouse sobre o lan\u00e7amento.<\/p>\t\t\t\t\t<\/div>\n\t\t\t\t\t\t<\/div>\n\t\t\t\t<\/div>\n\t\t\t\t\t\t<\/div>\n\t\t\t\t\t<\/div>\n\t\t<\/div>\n\t\t\t\t\t\t\t\t<\/div>\n\t\t\t\t\t<\/div>\n\t\t<\/section>\n\t\t\t\t<section class=\"elementor-section elementor-top-section elementor-element elementor-element-8f01f9d elementor-section-boxed elementor-section-height-default elementor-section-height-default\" data-id=\"8f01f9d\" data-element_type=\"section\">\n\t\t\t\t\t\t<div class=\"elementor-container elementor-column-gap-default\">\n\t\t\t\t\t\t\t<div class=\"elementor-row\">\n\t\t\t\t\t<div class=\"elementor-column elementor-col-100 elementor-top-column elementor-element elementor-element-268a18d\" data-id=\"268a18d\" data-element_type=\"column\">\n\t\t\t<div class=\"elementor-column-wrap elementor-element-populated\">\n\t\t\t\t\t\t\t<div class=\"elementor-widget-wrap\">\n\t\t\t\t\t\t<div class=\"elementor-element elementor-element-c5c992d elementor-widget elementor-widget-image\" data-id=\"c5c992d\" data-element_type=\"widget\" data-widget_type=\"image.default\">\n\t\t\t\t<div class=\"elementor-widget-container\">\n\t\t\t\t\t\t\t\t<div class=\"elementor-image\">\n\t\t\t\t\t\t\t\t\t\t\t\t<img width=\"623\" height=\"459\" src=\"https:\/\/datani.com.br\/suportewp\/wp-content\/uploads\/2020\/09\/2020-09-30_110428-e1601474735570.png\" class=\"attachment-large size-large\" alt=\"\" loading=\"lazy\" srcset=\"https:\/\/datani.com.br\/suportewp\/wp-content\/uploads\/2020\/09\/2020-09-30_110428-e1601474735570.png 623w, https:\/\/datani.com.br\/suportewp\/wp-content\/uploads\/2020\/09\/2020-09-30_110428-e1601474735570-300x221.png 300w\" sizes=\"(max-width: 623px) 100vw, 623px\" \/>\t\t\t\t\t\t\t\t\t\t\t\t\t\t<\/div>\n\t\t\t\t\t\t<\/div>\n\t\t\t\t<\/div>\n\t\t\t\t\t\t<\/div>\n\t\t\t\t\t<\/div>\n\t\t<\/div>\n\t\t\t\t\t\t\t\t<\/div>\n\t\t\t\t\t<\/div>\n\t\t<\/section>\n\t\t\t\t<section class=\"elementor-section elementor-top-section elementor-element elementor-element-14c4988 elementor-section-boxed elementor-section-height-default elementor-section-height-default\" data-id=\"14c4988\" data-element_type=\"section\">\n\t\t\t\t\t\t<div class=\"elementor-container elementor-column-gap-default\">\n\t\t\t\t\t\t\t<div class=\"elementor-row\">\n\t\t\t\t\t<div class=\"elementor-column elementor-col-100 elementor-top-column elementor-element elementor-element-9fcca01\" data-id=\"9fcca01\" data-element_type=\"column\">\n\t\t\t<div class=\"elementor-column-wrap elementor-element-populated\">\n\t\t\t\t\t\t\t<div class=\"elementor-widget-wrap\">\n\t\t\t\t\t\t<div class=\"elementor-element elementor-element-18cb392 elementor-widget-divider--view-line elementor-widget elementor-widget-divider\" data-id=\"18cb392\" data-element_type=\"widget\" data-widget_type=\"divider.default\">\n\t\t\t\t<div class=\"elementor-widget-container\">\n\t\t\t\t\t<div class=\"elementor-divider\">\n\t\t\t<span class=\"elementor-divider-separator\">\n\t\t\t\t\t\t<\/span>\n\t\t<\/div>\n\t\t\t\t<\/div>\n\t\t\t\t<\/div>\n\t\t\t\t\t\t<\/div>\n\t\t\t\t\t<\/div>\n\t\t<\/div>\n\t\t\t\t\t\t\t\t<\/div>\n\t\t\t\t\t<\/div>\n\t\t<\/section>\n\t\t\t\t<section class=\"elementor-section elementor-top-section elementor-element elementor-element-07519b6 elementor-section-boxed elementor-section-height-default elementor-section-height-default\" data-id=\"07519b6\" data-element_type=\"section\">\n\t\t\t\t\t\t<div class=\"elementor-container elementor-column-gap-default\">\n\t\t\t\t\t\t\t<div class=\"elementor-row\">\n\t\t\t\t\t<div class=\"elementor-column elementor-col-100 elementor-top-column elementor-element elementor-element-7bc3d4c\" data-id=\"7bc3d4c\" data-element_type=\"column\">\n\t\t\t<div class=\"elementor-column-wrap elementor-element-populated\">\n\t\t\t\t\t\t\t<div class=\"elementor-widget-wrap\">\n\t\t\t\t\t\t<div class=\"elementor-element elementor-element-d43e5d5 elementor-widget elementor-widget-text-editor\" data-id=\"d43e5d5\" data-element_type=\"widget\" data-widget_type=\"text-editor.default\">\n\t\t\t\t<div class=\"elementor-widget-container\">\n\t\t\t\t\t\t\t\t<div class=\"elementor-text-editor elementor-clearfix\">\n\t\t\t\t<h4>Veja tamb\u00e9m:<\/h4>\t\t\t\t\t<\/div>\n\t\t\t\t\t\t<\/div>\n\t\t\t\t<\/div>\n\t\t\t\t<div class=\"elementor-element elementor-element-8232b85 elementor-widget elementor-widget-text-editor\" data-id=\"8232b85\" data-element_type=\"widget\" data-widget_type=\"text-editor.default\">\n\t\t\t\t<div class=\"elementor-widget-container\">\n\t\t\t\t\t\t\t\t<div class=\"elementor-text-editor elementor-clearfix\">\n\t\t\t\t<ul><li style=\"list-style-type: none;\"><ul><li><span style=\"color: #00ccff;\"><a style=\"color: #00ccff;\" href=\"https:\/\/datani.com.br\/suportewp\/como-cadastrar-uma-conta-carrera-financas\/\">Como cadastrar uma Conta<\/a><\/span><\/li><li><span style=\"color: #00ccff;\"><a style=\"color: #00ccff;\" href=\"https:\/\/datani.com.br\/suportewp\/como-configurar-uma-conta-de-cartao-de-credito-carrera-financas\/\">Como configurar uma conta de cart\u00e3o de cr\u00e9dito<\/a><\/span><\/li><li><span style=\"color: #00ccff;\"><a style=\"color: #00ccff;\" href=\"https:\/\/datani.com.br\/suportewp\/como-lancar-uma-receita-ou-despesa-carrera-financas\/\">Como lan\u00e7ar uma receita ou despesa<\/a><\/span><\/li><li><span style=\"color: #00ccff;\"><a style=\"color: #00ccff;\" href=\"https:\/\/datani.com.br\/suportewp\/como-registrar-uma-compra-parcelada-no-cartao-de-credito-carrera-financas\/\">Como registrar uma compra parcelada no cart\u00e3o de cr\u00e9dito<\/a><\/span><\/li><li><span style=\"color: #00ccff;\"><a style=\"color: #00ccff;\" href=\"https:\/\/datani.com.br\/suportewp\/como-fazer-um-rateio-de-um-lancamento-carrera-financas\/\">Como fazer rateio de um lan\u00e7amento<\/a><\/span><\/li><\/ul><\/li><\/ul>\t\t\t\t\t<\/div>\n\t\t\t\t\t\t<\/div>\n\t\t\t\t<\/div>\n\t\t\t\t\t\t<\/div>\n\t\t\t\t\t<\/div>\n\t\t<\/div>\n\t\t\t\t\t\t\t\t<\/div>\n\t\t\t\t\t<\/div>\n\t\t<\/section>\n\t\t\t\t<section class=\"elementor-section elementor-top-section elementor-element elementor-element-c3be9e4 elementor-section-boxed elementor-section-height-default elementor-section-height-default\" data-id=\"c3be9e4\" data-element_type=\"section\">\n\t\t\t\t\t\t<div class=\"elementor-container elementor-column-gap-default\">\n\t\t\t\t\t\t\t<div class=\"elementor-row\">\n\t\t\t\t\t<div class=\"elementor-column elementor-col-100 elementor-top-column elementor-element elementor-element-0a493a1\" data-id=\"0a493a1\" data-element_type=\"column\">\n\t\t\t<div class=\"elementor-column-wrap elementor-element-populated\">\n\t\t\t\t\t\t\t<div class=\"elementor-widget-wrap\">\n\t\t\t\t\t\t<div class=\"elementor-element elementor-element-09265f8 elementor-widget elementor-widget-spacer\" data-id=\"09265f8\" data-element_type=\"widget\" data-widget_type=\"spacer.default\">\n\t\t\t\t<div class=\"elementor-widget-container\">\n\t\t\t\t\t<div class=\"elementor-spacer\">\n\t\t\t<div class=\"elementor-spacer-inner\"><\/div>\n\t\t<\/div>\n\t\t\t\t<\/div>\n\t\t\t\t<\/div>\n\t\t\t\t\t\t<\/div>\n\t\t\t\t\t<\/div>\n\t\t<\/div>\n\t\t\t\t\t\t\t\t<\/div>\n\t\t\t\t\t<\/div>\n\t\t<\/section>\n\t\t\t\t\t\t\t\t\t<\/div>\n\t\t\t<\/div>\n\t\t\t\t\t<\/div>\n\t\t","protected":false},"excerpt":{"rendered":"<p>Suporte | Carrera Finan\u00e7as Lan\u00e7amentos Como marcar um lan\u00e7amento como Compensado, Reconciliado ou Cancelado Na lista de lan\u00e7amentos, selecione (1) o lan\u00e7amento que deseja marcar. Na barra de ferramentas de lan\u00e7amentos clique no bot\u00e3o Marcar (2) e escolha a situa\u00e7\u00e3o que deseja utilizar. V\u00e1rios lan\u00e7amentos Para marcar v\u00e1rios lan\u00e7amentos, basta selecionar os itens, com Shift&hellip;&nbsp;<a href=\"https:\/\/datani.com.br\/suportewp\/como-marcar-um-lancamento-como-compensado-reconciliado-ou-cancelado-carrera-financas\/\" class=\"\" rel=\"bookmark\">Continue a ler &raquo;<span class=\"screen-reader-text\">Como marcar um lan\u00e7amento como Compensado, Reconciliado ou Cancelado (Carrera Finan\u00e7as)<\/span><\/a><\/p>\n","protected":false},"author":3,"featured_media":0,"parent":0,"menu_order":0,"comment_status":"closed","ping_status":"closed","template":"page-templates\/template-pagebuilder-full-width.php","meta":{"neve_meta_sidebar":"full-width","neve_meta_container":"","neve_meta_enable_content_width":"on","neve_meta_content_width":100,"neve_meta_title_alignment":"","neve_meta_author_avatar":"","neve_post_elements_order":"","neve_meta_disable_header":"","neve_meta_disable_footer":"","neve_meta_disable_title":""},"_links":{"self":[{"href":"https:\/\/datani.com.br\/suportewp\/wp-json\/wp\/v2\/pages\/3272"}],"collection":[{"href":"https:\/\/datani.com.br\/suportewp\/wp-json\/wp\/v2\/pages"}],"about":[{"href":"https:\/\/datani.com.br\/suportewp\/wp-json\/wp\/v2\/types\/page"}],"author":[{"embeddable":true,"href":"https:\/\/datani.com.br\/suportewp\/wp-json\/wp\/v2\/users\/3"}],"replies":[{"embeddable":true,"href":"https:\/\/datani.com.br\/suportewp\/wp-json\/wp\/v2\/comments?post=3272"}],"version-history":[{"count":7,"href":"https:\/\/datani.com.br\/suportewp\/wp-json\/wp\/v2\/pages\/3272\/revisions"}],"predecessor-version":[{"id":4952,"href":"https:\/\/datani.com.br\/suportewp\/wp-json\/wp\/v2\/pages\/3272\/revisions\/4952"}],"wp:attachment":[{"href":"https:\/\/datani.com.br\/suportewp\/wp-json\/wp\/v2\/media?parent=3272"}],"curies":[{"name":"wp","href":"https:\/\/api.w.org\/{rel}","templated":true}]}}